{"id":91,"date":"2025-03-02T21:16:16","date_gmt":"2025-03-02T20:16:16","guid":{"rendered":"https:\/\/plato2025.istc.cnr.it\/?page_id=91"},"modified":"2025-03-24T11:17:10","modified_gmt":"2025-03-24T10:17:10","slug":"workshop-organizers","status":"publish","type":"page","link":"https:\/\/plato2025.istc.cnr.it\/?page_id=91","title":{"rendered":"Workshop Organizers"},"content":{"rendered":"\n<div class=\"wp-block-group alignfull is-layout-flow wp-container-core-group-is-layout-cc0d5a8c wp-block-group-is-layout-flow\" style=\"margin-top:0;margin-bottom:0;padding-top:0;padding-right:0;padding-bottom:0;padding-left:0\">\n<div class=\"wp-block-group is-style-section-2 is-vertical is-layout-flex wp-container-core-group-is-layout-c5810cdd wp-block-group-is-layout-flex is-style-section-2--1\" style=\"margin-top:0;margin-bottom:0;padding-top:var(--wp--preset--spacing--30);padding-right:var(--wp--preset--spacing--50);padding-bottom:var(--wp--preset--spacing--30);padding-left:var(--wp--preset--spacing--50)\">\n<h3 class=\"wp-block-heading\">Organizing Committee<\/h3>\n\n\n\n<div class=\"wp-block-columns alignfull has-accent-5-color has-accent-2-background-color has-text-color has-background has-link-color has-medium-font-size wp-elements-7de35ecda541f94dd5eed5cccf7d8b63 is-layout-flex wp-container-core-columns-is-layout-778d0820 wp-block-columns-is-layout-flex\" style=\"margin-top:0;margin-bottom:0;padding-top:var(--wp--preset--spacing--20);padding-right:var(--wp--preset--spacing--20);padding-bottom:var(--wp--preset--spacing--20);padding-left:var(--wp--preset--spacing--20)\">\n<div class=\"wp-block-column is-layout-flow wp-block-column-is-layout-flow\">\n<div class=\"wp-block-group is-vertical is-layout-flex wp-container-core-group-is-layout-9ae43232 wp-block-group-is-layout-flex\" style=\"padding-top:var(--wp--preset--spacing--20);padding-right:var(--wp--preset--spacing--20);padding-bottom:var(--wp--preset--spacing--20);padding-left:var(--wp--preset--spacing--20)\">\n<figure class=\"wp-block-image size-full is-resized has-custom-border is-style-rounded\"><img loading=\"lazy\" decoding=\"async\" width=\"256\" height=\"256\" src=\"https:\/\/plato2025.istc.cnr.it\/wp-content\/uploads\/2025\/03\/longo.jpg\" alt=\"\" class=\"wp-image-135\" style=\"border-radius:25px;width:183px;height:auto\" srcset=\"https:\/\/plato2025.istc.cnr.it\/wp-content\/uploads\/2025\/03\/longo.jpg 256w, https:\/\/plato2025.istc.cnr.it\/wp-content\/uploads\/2025\/03\/longo-150x150.jpg 150w\" sizes=\"auto, (max-width: 256px) 100vw, 256px\" \/><\/figure>\n\n\n\n<h3 class=\"wp-block-heading\"><a href=\"https:\/\/scholar.google.com\/citations?user=kwsnDwwAAAAJ&amp;hl=it&amp;oi=ao\" data-type=\"link\" data-id=\"https:\/\/scholar.google.com\/citations?user=kwsnDwwAAAAJ&amp;hl=it&amp;oi=ao\" target=\"_blank\" rel=\"noreferrer noopener\">Fabio Longo<\/a><\/h3>\n\n\n\n<p class=\"has-small-font-size\">Fabio [B.A. and M.A. in Computer Science; Ph.D. in Computer Science] has been a researcher at the ISTC-CNR since October 2023. He works on&nbsp; Natural Language Processing, Multi-Agent Systems and Semantic Web.<\/p>\n<\/div>\n<\/div>\n\n\n\n<div class=\"wp-block-column is-layout-flow wp-block-column-is-layout-flow\" style=\"padding-top:var(--wp--preset--spacing--20);padding-right:var(--wp--preset--spacing--20);padding-bottom:var(--wp--preset--spacing--20);padding-left:var(--wp--preset--spacing--20)\">\n<div class=\"wp-block-group is-vertical is-layout-flex wp-container-core-group-is-layout-fe9cc265 wp-block-group-is-layout-flex\">\n<figure class=\"wp-block-image size-full is-resized has-custom-border is-style-rounded\"><img loading=\"lazy\" decoding=\"async\" width=\"256\" height=\"244\" src=\"https:\/\/plato2025.istc.cnr.it\/wp-content\/uploads\/2025\/03\/sanfilippo.jpg\" alt=\"\" class=\"wp-image-137\" style=\"border-radius:25px;width:189px;height:auto\"\/><\/figure>\n\n\n\n<h3 class=\"wp-block-heading\"><a href=\"https:\/\/scholar.google.com\/citations?user=KlNEDUgAAAAJ&amp;hl=it&amp;oi=ao\" data-type=\"link\" data-id=\"https:\/\/scholar.google.com\/citations?user=KlNEDUgAAAAJ&amp;hl=it&amp;oi=ao\" target=\"_blank\" rel=\"noreferrer noopener\">Emilio Sanfilippo<\/a><\/h3>\n\n\n\n<p class=\"has-small-font-size\">Emilio [B.A. and M.A. in Philosophy; Ph.D. in Information and Communication Technologies] has been a researcher at the ISTC-CNR since October 2020. He works on conceptual and formal foundations of ontologies for manufacturing and the digital humanities<\/p>\n<\/div>\n<\/div>\n\n\n\n<div class=\"wp-block-column is-layout-flow wp-block-column-is-layout-flow\">\n<div class=\"wp-block-group is-vertical is-layout-flex wp-container-core-group-is-layout-9ae43232 wp-block-group-is-layout-flex\" style=\"padding-top:var(--wp--preset--spacing--20);padding-right:var(--wp--preset--spacing--20);padding-bottom:var(--wp--preset--spacing--20);padding-left:var(--wp--preset--spacing--20)\">\n<figure class=\"wp-block-image size-full is-resized has-custom-border is-style-rounded\" style=\"margin-top:0;margin-bottom:0\"><img loading=\"lazy\" decoding=\"async\" width=\"182\" height=\"256\" src=\"https:\/\/plato2025.istc.cnr.it\/wp-content\/uploads\/2025\/03\/umbrico.jpg\" alt=\"\" class=\"wp-image-139\" style=\"border-radius:25px;width:128px;height:auto\"\/><\/figure>\n\n\n\n<h3 class=\"wp-block-heading\"><a href=\"https:\/\/scholar.google.com\/citations?user=0e7bEzsAAAAJ&amp;hl=it&amp;oi=ao\" data-type=\"link\" data-id=\"https:\/\/scholar.google.com\/citations?user=0e7bEzsAAAAJ&amp;hl=it&amp;oi=ao\" target=\"_blank\" rel=\"noreferrer noopener\">Alessandro Umbrico<\/a><\/h3>\n\n\n\n<p class=\"has-small-font-size\">Alessandro [M.S. Engineering Computer Science; Ph.D. Computer Science and Automation] is a researcher at ISTC-CNR. He investigates the integration of planning &amp; scheduling with semantic technologies to enhance the cognitive capabilities of robots interacting with humans.<\/p>\n<\/div>\n<\/div>\n<\/div>\n<\/div>\n\n\n\n<div class=\"wp-block-group is-style-section-3 has-medium-font-size is-vertical is-layout-flex wp-container-core-group-is-layout-f2d6b391 wp-block-group-is-layout-flex is-style-section-3--2\" style=\"margin-top:0;margin-bottom:0;padding-top:var(--wp--preset--spacing--30);padding-right:var(--wp--preset--spacing--50);padding-bottom:var(--wp--preset--spacing--30);padding-left:var(--wp--preset--spacing--50)\">\n<h3 class=\"wp-block-heading\">Programme Committee<\/h3>\n\n\n\n<div class=\"wp-block-columns is-style-section-3 has-medium-font-size is-layout-flex wp-container-core-columns-is-layout-57fca626 wp-block-columns-is-layout-flex is-style-section-3--3\" style=\"margin-top:0;margin-bottom:0;padding-top:var(--wp--preset--spacing--30);padding-right:var(--wp--preset--spacing--60);padding-bottom:var(--wp--preset--spacing--30);padding-left:var(--wp--preset--spacing--60)\">\n<div class=\"wp-block-column is-layout-flow wp-block-column-is-layout-flow\">\n<ul class=\"wp-block-list\">\n<li>Luca Biccheri, CNR &#8211; Institute of Cognitive Sciences and Technologies<\/li>\n\n\n\n<li>Stefano Borgo, CNR &#8211; Institute of Cognitive Sciences and Technologies<\/li>\n\n\n\n<li>Matteo De Pellegrin, Heriot-Watt University<\/li>\n\n\n\n<li>Chiara Di Francescomarino, University of Trento<\/li>\n\n\n\n<li>Mauro Dragoni, Fondazione Bruno Kessler<\/li>\n\n\n\n<li>Bastien Dussard, CNRS &#8211; Laboratoire de recherche sp\u00e9cialis\u00e9 dans l&#8217;analyse et l&#8217;architecture des syst\u00e8mes<\/li>\n\n\n\n<li>Larks Kunze, Oxford University<\/li>\n\n\n\n<li>Antonio Lieto, University of Salerno<\/li>\n\n\n\n<li>Fulvio Mastrogiovanni, University of Genova<\/li>\n\n\n\n<li>Alberto Olivares-Alarcos, Universitat Polit\u00e8cnica de Catalunya &#8211; Institut de Robotica i Informatica Industrial<\/li>\n\n\n\n<li>Andrea Orlandini, CNR &#8211; Institute of Cognitive Sciences and Technologies<\/li>\n<\/ul>\n<\/div>\n\n\n\n<div class=\"wp-block-column is-layout-flow wp-block-column-is-layout-flow\">\n<ul class=\"wp-block-list\">\n<li>Rocco Paolillo, CNR &#8211; Institute of Research on Population and Social Policies<\/li>\n\n\n\n<li>Ron Petrick, Heriot-Watt University<\/li>\n\n\n\n<li>Jan Rosell, Universitat Polit\u00e8cnica de Catalunya<\/li>\n\n\n\n<li>Daniele Francesco Santamaria, University of Catania<\/li>\n\n\n\n<li>Corrado Santoro, University of Catania<\/li>\n\n\n\n<li>Federico Fausto Santoro, University of Catania<\/li>\n\n\n\n<li>Uli Sattler, University of Manchester<\/li>\n\n\n\n<li>Walter Terkaj, CNR &#8211; Institute of Intelligent Industrial Technologies and Systems for Advanced Manufacturing<\/li>\n\n\n\n<li>Elisa Tosello, Fondazione Bruno Kessler<\/li>\n\n\n\n<li>Mauro Vallati, University of Huddersfield<\/li>\n\n\n\n<li>Sara Zuppiroli, CNR &#8211; Institute of Cognitive Sciences and Technologies<\/li>\n<\/ul>\n<\/div>\n<\/div>\n<\/div>\n<\/div>\n\n\n\n<p><\/p>\n","protected":false},"excerpt":{"rendered":"<p>Organizing Committee Fabio Longo Fabio [B.A. and M.A. in Computer Science; Ph.D. in Computer Science] has been a researcher at the ISTC-CNR since October 2023. He works on&nbsp; Natural Language Processing, Multi-Agent Systems and Semantic Web. Emilio Sanfilippo Emilio [B.A. and M.A. in Philosophy; Ph.D. in Information and Communication Technologies] has been a researcher at [&hellip;]<\/p>\n","protected":false},"author":2,"featured_media":0,"parent":0,"menu_order":0,"comment_status":"closed","ping_status":"closed","template":"","meta":{"footnotes":""},"class_list":["post-91","page","type-page","status-publish","hentry"],"_links":{"self":[{"href":"https:\/\/plato2025.istc.cnr.it\/index.php?rest_route=\/wp\/v2\/pages\/91","targetHints":{"allow":["GET"]}}],"collection":[{"href":"https:\/\/plato2025.istc.cnr.it\/index.php?rest_route=\/wp\/v2\/pages"}],"about":[{"href":"https:\/\/plato2025.istc.cnr.it\/index.php?rest_route=\/wp\/v2\/types\/page"}],"author":[{"embeddable":true,"href":"https:\/\/plato2025.istc.cnr.it\/index.php?rest_route=\/wp\/v2\/users\/2"}],"replies":[{"embeddable":true,"href":"https:\/\/plato2025.istc.cnr.it\/index.php?rest_route=%2Fwp%2Fv2%2Fcomments&post=91"}],"version-history":[{"count":73,"href":"https:\/\/plato2025.istc.cnr.it\/index.php?rest_route=\/wp\/v2\/pages\/91\/revisions"}],"predecessor-version":[{"id":251,"href":"https:\/\/plato2025.istc.cnr.it\/index.php?rest_route=\/wp\/v2\/pages\/91\/revisions\/251"}],"wp:attachment":[{"href":"https:\/\/plato2025.istc.cnr.it\/index.php?rest_route=%2Fwp%2Fv2%2Fmedia&parent=91"}],"curies":[{"name":"wp","href":"https:\/\/api.w.org\/{rel}","templated":true}]}}